{"id":29,"date":"2022-08-09T17:34:30","date_gmt":"2022-08-09T14:34:30","guid":{"rendered":"https:\/\/hknkaplama.com\/?page_id=29"},"modified":"2023-05-22T11:54:35","modified_gmt":"2023-05-22T08:54:35","slug":"nikel-krom-kaplama","status":"publish","type":"page","link":"https:\/\/hknkaplama.com\/index.php\/nikel-krom-kaplama\/","title":{"rendered":"Nikel Krom Kaplama"},"content":{"rendered":"\n<p class=\"has-medium-font-size\">Metalin korozyon direncini art\u0131rmakla beraber, metale olduk\u00e7a parlak bir g\u00f6r\u00fcnt\u00fc kazand\u0131rarak estetik g\u00f6r\u00fcn\u00fcm sa\u011flar. Metal neredeyse ayna parlakl\u0131\u011f\u0131na ula\u015f\u0131r ve yap\u0131lan polisaj i\u015flemi ile metalin y\u00fczeyi p\u00fcr\u00fczs\u00fcz bir hal al\u0131r. Siz de hemen <a href=\"https:\/\/hknkaplama.com\/index.php\/iletisim\/\">ileti\u015fime<\/a> ge\u00e7erek fiyat teklifli alabilirsiniz.<\/p>\n","protected":false},"excerpt":{"rendered":"<p>Metalin korozyon direncini art\u0131rmakla beraber, metale olduk\u00e7a parlak bir g\u00f6r\u00fcnt\u00fc kazand\u0131rarak estetik g\u00f6r\u00fcn\u00fcm sa\u011flar. Metal neredeyse ayna parlakl\u0131\u011f\u0131na ula\u015f\u0131r ve yap\u0131lan polisaj i\u015flemi ile metalin y\u00fczeyi p\u00fcr\u00fczs\u00fcz bir hal al\u0131r. Siz de hemen ileti\u015fime ge\u00e7erek fiyat teklifli alabilirsiniz.<\/p>\n","protected":false},"author":1,"featured_media":0,"parent":0,"menu_order":0,"comment_status":"closed","ping_status":"closed","template":"","meta":{"footnotes":""},"class_list":["post-29","page","type-page","status-publish","hentry"],"yoast_head":"<!-- This site is optimized with the Yoast SEO plugin v27.5 - https:\/\/yoast.com\/product\/yoast-seo-wordpress\/ -->\n<title>Nikel Krom Kaplama | HKN Kaplama<\/title>\n<meta name=\"description\" content=\"Metalin korozyon direncini art\u0131rmakla beraber, metale olduk\u00e7a parlak bir g\u00f6r\u00fcnt\u00fc kazand\u0131rarak estetik g\u00f6r\u00fcn\u00fcm sa\u011flayan nikel krom kaplama i\u00e7in hemen fiyat teklifi al\u0131n.\" \/>\n<meta name=\"robots\" content=\"index, follow, max-snippet:-1, max-image-preview:large, max-video-preview:-1\" \/>\n<link rel=\"canonical\" href=\"https:\/\/hknkaplama.com\/index.php\/nikel-krom-kaplama\/\" \/>\n<meta property=\"og:locale\" content=\"tr_TR\" \/>\n<meta property=\"og:type\" content=\"article\" \/>\n<meta property=\"og:title\" content=\"Nikel Krom Kaplama | HKN Kaplama\" \/>\n<meta property=\"og:description\" content=\"Metalin korozyon direncini art\u0131rmakla beraber, metale olduk\u00e7a parlak bir g\u00f6r\u00fcnt\u00fc kazand\u0131rarak estetik g\u00f6r\u00fcn\u00fcm sa\u011flayan nikel krom kaplama i\u00e7in hemen fiyat teklifi al\u0131n.\" \/>\n<meta property=\"og:url\" content=\"https:\/\/hknkaplama.com\/index.php\/nikel-krom-kaplama\/\" \/>\n<meta property=\"og:site_name\" content=\"HKN KAPLAMA\" \/>\n<meta property=\"article:modified_time\" content=\"2023-05-22T08:54:35+00:00\" \/>\n<meta name=\"twitter:card\" content=\"summary_large_image\" \/>\n<meta name=\"twitter:label1\" content=\"Tahmini okuma s\u00fcresi\" \/>\n\t<meta name=\"twitter:data1\" content=\"1 dakika\" \/>\n<script type=\"application\/ld+json\" class=\"yoast-schema-graph\">{\"@context\":\"https:\\\/\\\/schema.org\",\"@graph\":[{\"@type\":\"WebPage\",\"@id\":\"https:\\\/\\\/hknkaplama.com\\\/index.php\\\/nikel-krom-kaplama\\\/\",\"url\":\"https:\\\/\\\/hknkaplama.com\\\/index.php\\\/nikel-krom-kaplama\\\/\",\"name\":\"Nikel Krom Kaplama | HKN Kaplama\",\"isPartOf\":{\"@id\":\"https:\\\/\\\/hknkaplama.com\\\/#website\"},\"datePublished\":\"2022-08-09T14:34:30+00:00\",\"dateModified\":\"2023-05-22T08:54:35+00:00\",\"description\":\"Metalin korozyon direncini art\u0131rmakla beraber, metale olduk\u00e7a parlak bir g\u00f6r\u00fcnt\u00fc kazand\u0131rarak estetik g\u00f6r\u00fcn\u00fcm sa\u011flayan nikel krom kaplama i\u00e7in hemen fiyat teklifi al\u0131n.\",\"breadcrumb\":{\"@id\":\"https:\\\/\\\/hknkaplama.com\\\/index.php\\\/nikel-krom-kaplama\\\/#breadcrumb\"},\"inLanguage\":\"tr\",\"potentialAction\":[{\"@type\":\"ReadAction\",\"target\":[\"https:\\\/\\\/hknkaplama.com\\\/index.php\\\/nikel-krom-kaplama\\\/\"]}]},{\"@type\":\"BreadcrumbList\",\"@id\":\"https:\\\/\\\/hknkaplama.com\\\/index.php\\\/nikel-krom-kaplama\\\/#breadcrumb\",\"itemListElement\":[{\"@type\":\"ListItem\",\"position\":1,\"name\":\"Anasayfa\",\"item\":\"https:\\\/\\\/hknkaplama.com\\\/\"},{\"@type\":\"ListItem\",\"position\":2,\"name\":\"Nikel Krom Kaplama\"}]},{\"@type\":\"WebSite\",\"@id\":\"https:\\\/\\\/hknkaplama.com\\\/#website\",\"url\":\"https:\\\/\\\/hknkaplama.com\\\/\",\"name\":\"HKN KAPLAMA\",\"description\":\"\",\"publisher\":{\"@id\":\"https:\\\/\\\/hknkaplama.com\\\/#organization\"},\"potentialAction\":[{\"@type\":\"SearchAction\",\"target\":{\"@type\":\"EntryPoint\",\"urlTemplate\":\"https:\\\/\\\/hknkaplama.com\\\/?s={search_term_string}\"},\"query-input\":{\"@type\":\"PropertyValueSpecification\",\"valueRequired\":true,\"valueName\":\"search_term_string\"}}],\"inLanguage\":\"tr\"},{\"@type\":\"Organization\",\"@id\":\"https:\\\/\\\/hknkaplama.com\\\/#organization\",\"name\":\"HKN KAPLAMA\",\"url\":\"https:\\\/\\\/hknkaplama.com\\\/\",\"logo\":{\"@type\":\"ImageObject\",\"inLanguage\":\"tr\",\"@id\":\"https:\\\/\\\/hknkaplama.com\\\/#\\\/schema\\\/logo\\\/image\\\/\",\"url\":\"https:\\\/\\\/hknkaplama.com\\\/wp-content\\\/uploads\\\/2023\\\/06\\\/WhatsApp-Image-2023-06-05-at-19.20.38.jpeg\",\"contentUrl\":\"https:\\\/\\\/hknkaplama.com\\\/wp-content\\\/uploads\\\/2023\\\/06\\\/WhatsApp-Image-2023-06-05-at-19.20.38.jpeg\",\"width\":1136,\"height\":351,\"caption\":\"HKN KAPLAMA\"},\"image\":{\"@id\":\"https:\\\/\\\/hknkaplama.com\\\/#\\\/schema\\\/logo\\\/image\\\/\"}}]}<\/script>\n<!-- \/ Yoast SEO plugin. -->","yoast_head_json":{"title":"Nikel Krom Kaplama | HKN Kaplama","description":"Metalin korozyon direncini art\u0131rmakla beraber, metale olduk\u00e7a parlak bir g\u00f6r\u00fcnt\u00fc kazand\u0131rarak estetik g\u00f6r\u00fcn\u00fcm sa\u011flayan nikel krom kaplama i\u00e7in hemen fiyat teklifi al\u0131n.","robots":{"index":"index","follow":"follow","max-snippet":"max-snippet:-1","max-image-preview":"max-image-preview:large","max-video-preview":"max-video-preview:-1"},"canonical":"https:\/\/hknkaplama.com\/index.php\/nikel-krom-kaplama\/","og_locale":"tr_TR","og_type":"article","og_title":"Nikel Krom Kaplama | HKN Kaplama","og_description":"Metalin korozyon direncini art\u0131rmakla beraber, metale olduk\u00e7a parlak bir g\u00f6r\u00fcnt\u00fc kazand\u0131rarak estetik g\u00f6r\u00fcn\u00fcm sa\u011flayan nikel krom kaplama i\u00e7in hemen fiyat teklifi al\u0131n.","og_url":"https:\/\/hknkaplama.com\/index.php\/nikel-krom-kaplama\/","og_site_name":"HKN KAPLAMA","article_modified_time":"2023-05-22T08:54:35+00:00","twitter_card":"summary_large_image","twitter_misc":{"Tahmini okuma s\u00fcresi":"1 dakika"},"schema":{"@context":"https:\/\/schema.org","@graph":[{"@type":"WebPage","@id":"https:\/\/hknkaplama.com\/index.php\/nikel-krom-kaplama\/","url":"https:\/\/hknkaplama.com\/index.php\/nikel-krom-kaplama\/","name":"Nikel Krom Kaplama | HKN Kaplama","isPartOf":{"@id":"https:\/\/hknkaplama.com\/#website"},"datePublished":"2022-08-09T14:34:30+00:00","dateModified":"2023-05-22T08:54:35+00:00","description":"Metalin korozyon direncini art\u0131rmakla beraber, metale olduk\u00e7a parlak bir g\u00f6r\u00fcnt\u00fc kazand\u0131rarak estetik g\u00f6r\u00fcn\u00fcm sa\u011flayan nikel krom kaplama i\u00e7in hemen fiyat teklifi al\u0131n.","breadcrumb":{"@id":"https:\/\/hknkaplama.com\/index.php\/nikel-krom-kaplama\/#breadcrumb"},"inLanguage":"tr","potentialAction":[{"@type":"ReadAction","target":["https:\/\/hknkaplama.com\/index.php\/nikel-krom-kaplama\/"]}]},{"@type":"BreadcrumbList","@id":"https:\/\/hknkaplama.com\/index.php\/nikel-krom-kaplama\/#breadcrumb","itemListElement":[{"@type":"ListItem","position":1,"name":"Anasayfa","item":"https:\/\/hknkaplama.com\/"},{"@type":"ListItem","position":2,"name":"Nikel Krom Kaplama"}]},{"@type":"WebSite","@id":"https:\/\/hknkaplama.com\/#website","url":"https:\/\/hknkaplama.com\/","name":"HKN KAPLAMA","description":"","publisher":{"@id":"https:\/\/hknkaplama.com\/#organization"},"potentialAction":[{"@type":"SearchAction","target":{"@type":"EntryPoint","urlTemplate":"https:\/\/hknkaplama.com\/?s={search_term_string}"},"query-input":{"@type":"PropertyValueSpecification","valueRequired":true,"valueName":"search_term_string"}}],"inLanguage":"tr"},{"@type":"Organization","@id":"https:\/\/hknkaplama.com\/#organization","name":"HKN KAPLAMA","url":"https:\/\/hknkaplama.com\/","logo":{"@type":"ImageObject","inLanguage":"tr","@id":"https:\/\/hknkaplama.com\/#\/schema\/logo\/image\/","url":"https:\/\/hknkaplama.com\/wp-content\/uploads\/2023\/06\/WhatsApp-Image-2023-06-05-at-19.20.38.jpeg","contentUrl":"https:\/\/hknkaplama.com\/wp-content\/uploads\/2023\/06\/WhatsApp-Image-2023-06-05-at-19.20.38.jpeg","width":1136,"height":351,"caption":"HKN KAPLAMA"},"image":{"@id":"https:\/\/hknkaplama.com\/#\/schema\/logo\/image\/"}}]}},"_links":{"self":[{"href":"https:\/\/hknkaplama.com\/index.php\/wp-json\/wp\/v2\/pages\/29","targetHints":{"allow":["GET"]}}],"collection":[{"href":"https:\/\/hknkaplama.com\/index.php\/wp-json\/wp\/v2\/pages"}],"about":[{"href":"https:\/\/hknkaplama.com\/index.php\/wp-json\/wp\/v2\/types\/page"}],"author":[{"embeddable":true,"href":"https:\/\/hknkaplama.com\/index.php\/wp-json\/wp\/v2\/users\/1"}],"replies":[{"embeddable":true,"href":"https:\/\/hknkaplama.com\/index.php\/wp-json\/wp\/v2\/comments?post=29"}],"version-history":[{"count":4,"href":"https:\/\/hknkaplama.com\/index.php\/wp-json\/wp\/v2\/pages\/29\/revisions"}],"predecessor-version":[{"id":121,"href":"https:\/\/hknkaplama.com\/index.php\/wp-json\/wp\/v2\/pages\/29\/revisions\/121"}],"wp:attachment":[{"href":"https:\/\/hknkaplama.com\/index.php\/wp-json\/wp\/v2\/media?parent=29"}],"curies":[{"name":"wp","href":"https:\/\/api.w.org\/{rel}","templated":true}]}}